{"id":3031,"date":"2021-05-27T07:07:26","date_gmt":"2021-05-27T07:07:26","guid":{"rendered":"https:\/\/www.rtpr.ro\/politica-de-confidentialitate\/"},"modified":"2021-05-27T07:07:28","modified_gmt":"2021-05-27T07:07:28","slug":"politica-de-confidentialitate","status":"publish","type":"page","link":"https:\/\/www.rtpr.ro\/ro\/politica-de-confidentialitate\/","title":{"rendered":"Politica de Confiden\u021bialitate"},"content":{"rendered":"\t\t<div data-elementor-type=\"wp-page\" data-elementor-id=\"3031\" class=\"elementor elementor-3031 elementor-3\" data-elementor-post-type=\"page\">\n\t\t\t\t\t\t\t\t\t<section class=\"elementor-section elementor-top-section elementor-element elementor-element-52e0b153 elementor-section-boxed elementor-section-height-default elementor-section-height-default\" data-id=\"52e0b153\" data-element_type=\"section\">\n\t\t\t\t\t\t<div class=\"elementor-container elementor-column-gap-default\">\n\t\t\t\t\t<div class=\"elementor-column elementor-col-100 elementor-top-column elementor-element elementor-element-4300d9ff\" data-id=\"4300d9ff\" data-element_type=\"column\">\n\t\t\t<div class=\"elementor-widget-wrap elementor-element-populated\">\n\t\t\t\t\t\t\t\t<div class=\"elementor-element elementor-element-45892ebc elementor-widget elementor-widget-text-editor\" data-id=\"45892ebc\" data-element_type=\"widget\" data-widget_type=\"text-editor.default\">\n\t\t\t\t<div class=\"elementor-widget-container\">\n\t\t\t\t\t\t\t<p><\/p>\n<h1><strong>Politica de Confiden\u021bialitate<\/strong><\/h1>\n<p>RTPR (Radu T\u0103r\u0103cil\u0103 P\u0103durari Retevoescu SCA) respect\u0103 confiden\u021bialitatea dvs. \u0219i \u00eei pas\u0103 de modul \u00een care sunt tratate datele dvs. personale.<\/p>\n<p>Aceast\u0103 politic\u0103 descrie:<\/p>\n<ul>\n<li>ce date personale colect\u0103m;<\/li>\n<li>modul \u00een care ob\u021binem datele personale;<\/li>\n<li>modul \u00een care utiliz\u0103m datele personale;<\/li>\n<li>pe ce baz\u0103 folosim datele personale;<\/li>\n<li>c\u00e2t timp p\u0103str\u0103m datele personale;<\/li>\n<li>c\u0103tre cine transfer\u0103m datele personale;<\/li>\n<li>modul \u00een care v\u0103 protej\u0103m datele personale; \u0219i<\/li>\n<li>drepturile dumneavoastr\u0103 cu privire la datele personale.<\/li>\n<\/ul>\n<p><strong>Ce date personale colect\u0103m?<\/strong><\/p>\n<p>Putem colecta datele personale \u00een cadrul activit\u0103\u021bii desf\u0103\u0219urate de noi, inclusiv prin utilizarea site-ului nostru web, atunci c\u00e2nd ne contacta\u021bi sau solicita\u021bi informa\u021bii de la noi, atunci c\u00e2nd solicita\u021bi serviciile noastre juridice sau de alt\u0103 natur\u0103 sau ca urmare a rela\u021biei dvs. cu unul sau mai mul\u021bi avoca\u021bi sau angaja\u021bi \u0219i \/ sau cu clien\u021bii no\u0219tri.<\/p>\n<p>Datele personale pe care le prelucr\u0103m includ:<\/p>\n<ul>\n<li>Informa\u021bii de baz\u0103, cum ar fi numele dvs., compania pentru care lucra\u021bi, titlul sau func\u021bia dvs. \u0219i rela\u021bia dvs. cu o persoan\u0103;<\/li>\n<li>Informa\u021bii de contact, cum ar fi adresa dvs. po\u0219tal\u0103, adresa de e-mail \u0219i num\u0103rul (numerele) de telefon;<\/li>\n<li>Informa\u021bii financiare, cum ar fi informa\u021bii legate de pl\u0103\u021bi;<\/li>\n<li>Informa\u021bii tehnice, cum ar fi informa\u021bii din vizitele dvs. pe site-ul nostru web sau aplica\u021bii sau \u00een leg\u0103tur\u0103 cu materialele \u0219i comunic\u0103rile pe care vi le trimitem electronic;<\/li>\n<li>Informa\u021biile pe care ni le furniza\u021bi pentru a participa la \u00eent\u00e2lniri \u0219i evenimente, inclusiv acces \u0219i cerin\u021be alimentare;<\/li>\n<li>Identitate \u0219i informa\u021bii de baz\u0103 furnizate de dvs. sau colectate ca parte a proceselor noastre;<\/li>\n<li>Informa\u021biile personale furnizate de noi sau \u00een numele clien\u021bilor no\u0219tri sau generate de noi \u00een cadrul serviciilor noastre, care pot include categorii speciale de date;<\/li>\n<li>Orice alte informa\u021bii referitoare la dvs. pe care ni le pute\u021bi furniza.<\/li>\n<\/ul>\n<p><strong>Cum ob\u021binem datele dvs. personale<\/strong><\/p>\n<p>Colect\u0103m informa\u021bii de la dvs. ca parte a proceselor noastre, despre dvs. \u0219i alte persoane, dup\u0103 cum este necesar, \u00een cursul furniz\u0103rii de servicii juridice.<\/p>\n<p>Colect\u0103m datele personale \u00een timp ce monitoriz\u0103m instrumentele \u0219i serviciile noastre tehnologice, inclusiv site-urile noastre web \u0219i comunic\u0103rile prin e-mail trimise c\u0103tre \u0219i de la RTPR.<\/p>\n<p>Adun\u0103m informa\u021bii despre dvs. atunci c\u00e2nd ni le furniza\u021bi sau interac\u021biona\u021bi direct cu noi, de exemplu \u00een contactul cu personalul nostru sau \u00eenregistr\u00e2ndu-v\u0103 pe una dintre platformele sau aplica\u021biile noastre digitale.<\/p>\n<p>Este posibil s\u0103 colect\u0103m sau s\u0103 primim informa\u021bii despre dvs. din alte surse, cum ar fi p\u0103strarea corect\u0103 \u0219i actualizat\u0103 a informa\u021biilor de contact pe care le de\u021binem deja pentru dvs. utiliz\u00e2nd surse disponibile public.<\/p>\n<p><strong>Cum utiliz\u0103m datele dvs. personale<\/strong><\/p>\n<p>RTPR colecteaz\u0103 \u0219i prelucreaz\u0103 datele personale despre dvs. \u00een mai multe moduri, inclusiv prin utilizarea de c\u0103tre dvs. a site-ului nostru web \u0219i prin furnizarea de servicii. Folosim aceste informa\u021bii:<\/p>\n<ul>\n<li>Pentru furnizarea \u0219i \u00eembun\u0103t\u0103\u021birea acestui site web, inclusiv auditarea \u0219i monitorizarea utiliz\u0103rii acestuia;<\/li>\n<li>Pentru furnizarea \u0219i \u00eembun\u0103t\u0103\u021birea serviciilor noastre, inclusiv gestionarea informa\u021biilor personale ale altora \u00een numele clien\u021bilor no\u0219tri;<\/li>\n<li>Pentru a furniza informa\u021biile solicitate de dvs.;<\/li>\n<li>Pentru a promova serviciile noastre, inclusiv trimiterea de actualiz\u0103ri legislative, publica\u021bii \u0219i detalii despre evenimente;<\/li>\n<li>Pentru a gestiona \u0219i administra rela\u021bia noastr\u0103 cu dvs. \u0219i clien\u021bii no\u0219tri;<\/li>\n<li>Pentru a ne \u00eendeplini obliga\u021biile legale, de reglementare \u0219i de gestionare a riscurilor, inclusiv stabilirea, exercitarea sau ap\u0103rarea revendic\u0103rilor legale;<\/li>\n<li>\u00cen scopul recrut\u0103rii.<\/li>\n<\/ul>\n<p><strong>Utilizarea site-ului RTPR<\/strong><\/p>\n<p>O serie de facilit\u0103\u021bi de pe site-ul nostru v\u0103 solicit\u0103 s\u0103 ne furniza\u021bi informa\u021bii personale. Scopul acestor facilit\u0103\u021bi reiese \u00een momentul \u00een care furniza\u021bi informa\u021biile dvs. personale pe care le folosim doar \u00een aceste scopuri.<\/p>\n<p>Folosim cookie-uri pe site-ul nostru. Pentru a afla mai multe despre cookie-urile pe care le folosim \u0219i despre cum s\u0103 le dezactiva\u021bi, v\u0103 rug\u0103m s\u0103 consulta\u021bi politica noastr\u0103 privind cookie-urile.<\/p>\n<p>Marketing \u0219i alte e-mailuri. Folosim informa\u021bii personale pentru a \u00een\u021belege dac\u0103 citi\u021bi e-mailurile \u0219i alte materiale, cum ar fi publica\u021biile legale pe care vi le trimitem, face\u021bi click pe linkurile c\u0103tre informa\u021biile pe care le includem \u00een ele \u0219i dac\u0103 \u0219i cum vizita\u021bi site-ul nostru web dup\u0103 ce face\u021bi click pe acest link (imediat \u0219i la vizitele viitoare). Facem acest lucru utiliz\u00e2nd un software care plaseaz\u0103 un cookie pe dispozitivul dvs., care urm\u0103re\u0219te aceast\u0103 activitate \u0219i o \u00eenregistreaz\u0103 pe adresa dvs. de e-mail. V\u0103 rug\u0103m s\u0103 consulta\u021bi politica noastr\u0103 privind cookie-urile pentru mai multe informa\u021bii despre cookie-uri \u0219i despre cum s\u0103 le gestiona\u021bi \u0219i s\u0103 le elimina\u021bi. Eliminarea acestui cookie nu va afecta experien\u021ba dvs. pe site-ul nostru.<\/p>\n<p>Dac\u0103 primi\u021bi comunic\u0103ri de marketing de la noi \u0219i nu mai dori\u021bi s\u0103 face\u021bi acest lucru, v\u0103 pute\u021bi dezabona \u00een orice moment trimi\u021b\u00e2nd un e-mail la  <a href=\"mailto:info@rtpr.ro\" target=\"_blank\" rel=\"noopener\">info@rtpr.ro<\/a>.<\/p>\n<p>\u00cent\u00e2lniri, evenimente \u0219i seminarii. Vom colecta \u0219i prelucra informa\u021bii personale despre dvs. \u00een leg\u0103tur\u0103 cu prezen\u021ba dvs. la birourile noastre sau la un eveniment sau seminar organizat de RTPR sau de partenerii s\u0103i de afaceri. Vom prelucra \u0219i vom folosi categorii speciale de informa\u021bii personale despre cerin\u021bele dvs. alimentare sau de acces pentru a satisface nevoile dvs. \u0219i pentru a \u00eendeplini orice alte obliga\u021bii legale sau de reglementare pe care le-am putea avea. Putem partaja informa\u021biile dvs. cu furnizorii de servicii IT \u0219i cu al\u021bi furnizori de servicii sau cu partenerii de afaceri implica\u021bi \u00een organizarea sau g\u0103zduirea evenimentului relevant.<\/p>\n<p>Servicii juridice \u0219i alte servicii. Colect\u0103m, cre\u0103m, p\u0103str\u0103m \u0219i folosim informa\u021bii personale \u00een cursul \u0219i \u00een leg\u0103tur\u0103 cu serviciile pe care le oferim clien\u021bilor no\u0219tri. Vom prelucra identitatea \u0219i informa\u021biile de baz\u0103 ca parte a proceselor noastre de acceptare, financiare, administrative \u0219i de marketing, inclusiv combaterea sp\u0103l\u0103rii banilor, verificarea conflictelor, a reputa\u021biei \u0219i financiar\u0103. De asemenea, vom prelucra informa\u021biile personale furnizate de c\u0103tre sau \u00een numele clien\u021bilor no\u0219tri \u00een scopul activit\u0103\u021bii pe care o desf\u0103\u0219ur\u0103m pentru ei. Informa\u021biile pot fi dezv\u0103luite unor ter\u021bi \u00een m\u0103sura \u00een care este rezonabil necesar \u00een leg\u0103tur\u0103 cu acel serviciu.<\/p>\n<p><strong>Pe ce temei folosim datele dvs. personale<\/strong><\/p>\n<p>Folosim datele dvs. personale:<\/p>\n<ul>\n<li>Pe baza consim\u021b\u0103m\u00e2ntului dumneavoastr\u0103;<\/li>\n<li>Pentru executarea unui contract, cum ar fi furnizarea de servicii juridice sau de alt\u0103 natur\u0103;<\/li>\n<li>Pentru stabilirea, exercitarea sau ap\u0103rarea drepturilor legale;<\/li>\n<li>Pentru respectarea obliga\u021biilor legale \u0219i de reglementare;<\/li>\n<li>\u00cen scopuri legitime de afaceri.<\/li>\n<\/ul>\n<p><strong>C\u00e2t timp p\u0103str\u0103m datele dvs. personale<\/strong><\/p>\n<p>Datele dvs. personale vor fi p\u0103strate \u00een conformitate cu politica noastr\u0103 de p\u0103strare a datelor, care clasific\u0103 toate informa\u021biile de\u021binute de RTPR \u0219i specific\u0103 perioada de p\u0103strare adecvat\u0103 pentru fiecare categorie de date. Aceste perioade se bazeaz\u0103 pe cerin\u021bele legilor aplicabile privind protec\u021bia datelor \u0219i pe scopul pentru care informa\u021biile sunt colectate \u0219i utilizate, \u021bin\u00e2nd seama de cerin\u021bele legale \u0219i de reglementare pentru p\u0103strarea informa\u021biilor pentru o perioad\u0103 minim\u0103, termenele de prescrip\u021bie pentru exercitarea de ac\u021biuni \u00een justi\u021bie, bune practici \u0219i scopurile de afaceri ale RTPR.<\/p>\n<p><strong>C\u0103tre cine transfer\u0103m datele personale<\/strong><\/p>\n<p>Putem partaja datele dvs. personale cu anumi\u021bi ter\u021bi, \u00een conformitate cu acordurile contractuale \u00een vigoare cu ace\u0219tia, inclusiv:<\/p>\n<ul>\n<li>Consultan\u021bii \u0219i auditorii no\u0219tri profesioni\u0219ti;<\/li>\n<li>Furnizorii c\u0103rora le externaliz\u0103m anumite servicii de asisten\u021b\u0103, cum ar fi prelucrarea textelor, traducerea, fotocopierea \u0219i revizuirea documentelor;<\/li>\n<li>Furnizorii de servicii IT c\u0103tre RTPR;<\/li>\n<li>Ter\u021be p\u0103r\u021bi angajate \u00een cursul serviciilor pe care le oferim clien\u021bilor \u0219i cu acordul lor prealabil, cum ar fi furnizorii de servicii tehnologice, cum ar fi camerele de date;<\/li>\n<li>Ter\u021be p\u0103r\u021bi implicate \u00een g\u0103zduirea sau organizarea de evenimente sau seminarii;<\/li>\n<\/ul>\n<p>Dac\u0103 este necesar sau din motivele prev\u0103zute \u00een aceast\u0103 politic\u0103, informa\u021biile personale pot fi, de asemenea, partajate cu autorit\u0103\u021bile de reglementare, instan\u021bele, tribunalele, agen\u021biile guvernamentale \u0219i agen\u021biile de aplicare a legii. De\u0219i este pu\u021bin probabil, este posibil s\u0103 ni se solicite s\u0103 v\u0103 dezv\u0103luim informa\u021biile pentru a respecta cerin\u021bele legale sau de reglementare. Vom face eforturi rezonabile pentru a v\u0103 informa \u00eenainte de a face acest lucru, cu excep\u021bia cazului \u00een care suntem restric\u021biona\u021bi legal de a face acest lucru.<\/p>\n<p>RTPR poate utiliza site-uri de socializare precum Facebook sau LinkedIn. Dac\u0103 utiliza\u021bi aceste servicii, ar trebui s\u0103 revizui\u021bi politica de confiden\u021bialitate a acestora pentru mai multe informa\u021bii despre modul \u00een care trateaz\u0103 informa\u021biile dvs. personale.<\/p>\n<p>Nu vindem, nu \u00eenchiriem \u0219i nu punem la dispozi\u021bia comercial\u0103 niciunei ter\u021be p\u0103r\u021bi \u00een niciun alt mod informa\u021bii personale, cu excep\u021bia cazului \u00een care avem permisiunea dumneavoastr\u0103 prealabil\u0103.<\/p>\n<p><strong>Cum v\u0103 protej\u0103m datele personale<\/strong><\/p>\n<p>Folosim o varietate de m\u0103suri tehnice \u0219i organiza\u021bionale pentru a v\u0103 proteja informa\u021biile personale de accesul, utilizarea, divulgarea, modificarea sau distrugerea neautorizat\u0103 \u00een conformitate cu legile aplicabile privind protec\u021bia datelor.<\/p>\n<p><strong>\u00cen ce \u021b\u0103ri transfer\u0103m datele dvs. personale<\/strong><\/p>\n<p>Pentru a furniza serviciile noastre, este posibil s\u0103 fie nevoie s\u0103 transfer\u0103m informa\u021biile dvs. personale c\u0103tre loca\u021bii din afara jurisdic\u021biei \u00een care le furniza\u021bi sau \u00een care vizita\u021bi acest site web \u00een scopurile stabilite \u00een aceast\u0103 politic\u0103 de confiden\u021bialitate. Acest lucru poate implica un transfer al informa\u021biilor dvs. dintr-o loca\u021bie din Spa\u021biul Economic European (\u201eSEE\u201d) \u00een afara SEE sau din afara SEE \u00eentr-o loca\u021bie din SEE.<\/p>\n<p>Nivelul de protec\u021bie a informa\u021biilor \u00een \u021b\u0103rile din afara SEE poate fi mai mic dec\u00e2t cel oferit \u00een SEE. \u00cen acest caz, vom implementa m\u0103suri adecvate \u0219i suficiente pentru a ne asigura c\u0103 datele dvs. personale r\u0103m\u00e2n protejate \u0219i sigure \u00een conformitate cu legile aplicabile privind protec\u021bia datelor.<\/p>\n<p><strong>Drepturile dvs. cu privire la datele dvs. personale<\/strong><\/p>\n<p>Regulamentul general privind protec\u021bia datelor al Uniunii Europene \u0219i alte legi aplicabile privind protec\u021bia datelor prev\u0103d anumite drepturi pentru persoanele vizate.<\/p>\n<p>Ave\u021bi dreptul s\u0103 solicita\u021bi detalii despre informa\u021biile pe care le de\u021binem despre dvs. \u0219i despre modul \u00een care le prelucr\u0103m. De asemenea, este posibil s\u0103 ave\u021bi dreptul, \u00een conformitate cu legea aplicabil\u0103 privind protec\u021bia datelor, de a le rectifica sau \u0219terge, de a restric\u021biona prelucrarea acestor informa\u021bii, de a opri transferurile neautorizate ale informa\u021biilor dvs. personale c\u0103tre o ter\u021b\u0103 parte \u0219i, \u00een anumite circumstan\u021be, de a avea informa\u021bii personale referitoare la dvs. transferate c\u0103tre o alt\u0103 organiza\u021bie. De asemenea, este posibil s\u0103 ave\u021bi dreptul de a depune o reclama\u021bie \u00een leg\u0103tur\u0103 cu prelucrarea de c\u0103tre RTPR a informa\u021biilor dvs. personale la o autoritate de supraveghere local\u0103.<\/p>\n<p>Dac\u0103 v\u0103 opune\u021bi prelucr\u0103rii informa\u021biilor dvs. personale sau dac\u0103 v-a\u021bi acordat consim\u021b\u0103m\u00e2ntul pentru prelucrare \u0219i ulterior alege\u021bi s\u0103 \u00eel retrage\u021bi, vom respecta aceast\u0103 alegere \u00een conformitate cu obliga\u021biile noastre legale.<\/p>\n<p>Obiec\u021bia dvs. (sau retragerea oric\u0103rui consim\u021b\u0103m\u00e2nt dat anterior) ar putea \u00eensemna c\u0103 suntem \u00een imposibilitatea de a efectua ac\u021biunile necesare pentru a atinge scopurile stabilite mai sus (a se vedea \u201eCum utiliz\u0103m informa\u021biile dvs. personale\u201d) sau c\u0103 este posibil s\u0103 nu pute\u021bi utiliza serviciile \u0219i produsele oferite de noi. V\u0103 rug\u0103m s\u0103 re\u021bine\u021bi c\u0103, chiar \u0219i dup\u0103 ce a\u021bi ales s\u0103 v\u0103 retrage\u021bi consim\u021b\u0103m\u00e2ntul, este posibil s\u0103 putem continua s\u0103 prelucr\u0103m datele dvs. personale \u00een m\u0103sura cerut\u0103 sau permis\u0103 \u00een alt mod de lege, \u00een special \u00een leg\u0103tur\u0103 cu exercitarea \u0219i ap\u0103rarea drepturilor noastre sau respectarea obliga\u021biilor noastre legale \u0219i de reglementare.<\/p>\n<p>Trebuie s\u0103 ne asigur\u0103m c\u0103 datele dvs. personale sunt corecte \u0219i actualizate. Prin urmare, v\u0103 rug\u0103m s\u0103 ne informa\u021bi despre orice modificare a datelor dvs. prin e-mail la <a href=\"mailto:info@rtpr.ro\" target=\"_blank\" rel=\"noopener\">info@rtpr.ro<\/a>.<\/p>\n<p><strong>Date de contact<\/strong><\/p>\n<p>Dac\u0103 ave\u021bi nevoie de informa\u021bii suplimentare sau ave\u021bi \u00eentreb\u0103ri sau reclama\u021bii cu privire la politica sau practicile noastre de confiden\u021bialitate, v\u0103 rug\u0103m s\u0103 contacta\u021bi:<\/p>\n<p>Radu T\u0103r\u0103cil\u0103 P\u0103durari Retevoescu SCA<\/p>\n<p>Pia\u021ba Charles de Gaulle nr. 15, Charles de Gaulle Plaza, etajul 5, Sector 1, Bucure\u0219ti, 011857<\/p>\n<p>Email: <a href=\"mailto:office@rtpr.ro\" target=\"_blank\" rel=\"noopener\">office@rtpr.ro<\/a><\/p>\n<p><\/p>\n\t\t\t\t\t\t<\/div>\n\t\t\t\t<\/div>\n\t\t\t\t\t<\/div>\n\t\t<\/div>\n\t\t\t\t\t\t\t<\/div>\n\t\t<\/section>\n\t\t\t\t\t\t\t<\/div>\n\t\t","protected":false},"excerpt":{"rendered":"<p>Politica de Confiden\u021bialitate RTPR (Radu T\u0103r\u0103cil\u0103 P\u0103durari Retevoescu SCA) respect\u0103 confiden\u021bialitatea dvs. \u0219i \u00eei pas\u0103 de modul \u00een care sunt tratate datele dvs. personale. Aceast\u0103 politic\u0103 descrie: ce date personale colect\u0103m; modul \u00een care ob\u021binem datele personale; modul \u00een care utiliz\u0103m datele personale; pe ce baz\u0103 folosim datele personale; c\u00e2t timp p\u0103str\u0103m datele personale; c\u0103tre [&hellip;]<\/p>\n","protected":false},"author":1,"featured_media":0,"parent":0,"menu_order":0,"comment_status":"closed","ping_status":"open","template":"","meta":{"_mi_skip_tracking":false,"_monsterinsights_sitenote_active":false,"_monsterinsights_sitenote_note":"","_monsterinsights_sitenote_category":0,"footnotes":""},"_links":{"self":[{"href":"https:\/\/www.rtpr.ro\/ro\/wp-json\/wp\/v2\/pages\/3031"}],"collection":[{"href":"https:\/\/www.rtpr.ro\/ro\/wp-json\/wp\/v2\/pages"}],"about":[{"href":"https:\/\/www.rtpr.ro\/ro\/wp-json\/wp\/v2\/types\/page"}],"author":[{"embeddable":true,"href":"https:\/\/www.rtpr.ro\/ro\/wp-json\/wp\/v2\/users\/1"}],"replies":[{"embeddable":true,"href":"https:\/\/www.rtpr.ro\/ro\/wp-json\/wp\/v2\/comments?post=3031"}],"version-history":[{"count":3,"href":"https:\/\/www.rtpr.ro\/ro\/wp-json\/wp\/v2\/pages\/3031\/revisions"}],"predecessor-version":[{"id":3034,"href":"https:\/\/www.rtpr.ro\/ro\/wp-json\/wp\/v2\/pages\/3031\/revisions\/3034"}],"wp:attachment":[{"href":"https:\/\/www.rtpr.ro\/ro\/wp-json\/wp\/v2\/media?parent=3031"}],"curies":[{"name":"wp","href":"https:\/\/api.w.org\/{rel}","templated":true}]}}