{"id":3024,"date":"2021-05-26T14:46:49","date_gmt":"2021-05-26T14:46:49","guid":{"rendered":"https:\/\/www.rtpr.ro\/termeni-si-conditii-de-utilizare\/"},"modified":"2021-05-27T06:24:35","modified_gmt":"2021-05-27T06:24:35","slug":"termeni-si-conditii-de-utilizare","status":"publish","type":"page","link":"https:\/\/www.rtpr.ro\/ro\/termeni-si-conditii-de-utilizare\/","title":{"rendered":"Termeni \u0219i condi\u021bii de utilizare"},"content":{"rendered":"\t\t<div data-elementor-type=\"wp-page\" data-elementor-id=\"3024\" class=\"elementor elementor-3024 elementor-1196\" data-elementor-post-type=\"page\">\n\t\t\t\t\t\t\t\t\t<section class=\"elementor-section elementor-top-section elementor-element elementor-element-45f3561 elementor-section-boxed elementor-section-height-default elementor-section-height-default\" data-id=\"45f3561\" data-element_type=\"section\">\n\t\t\t\t\t\t<div class=\"elementor-container elementor-column-gap-default\">\n\t\t\t\t\t<div class=\"elementor-column elementor-col-100 elementor-top-column elementor-element elementor-element-5679d12\" data-id=\"5679d12\" data-element_type=\"column\">\n\t\t\t<div class=\"elementor-widget-wrap elementor-element-populated\">\n\t\t\t\t\t\t\t\t<div class=\"elementor-element elementor-element-d369a18 elementor-widget elementor-widget-text-editor\" data-id=\"d369a18\" data-element_type=\"widget\" data-widget_type=\"text-editor.default\">\n\t\t\t\t<div class=\"elementor-widget-container\">\n\t\t\t\t\t\t\t<h1><strong>Termeni \u0219i condi\u021bii de utilizare<\/strong><\/h1>\n<p>Acest site web este furnizat de Radu T\u0103r\u0103cil\u0103 P\u0103durari Retevoescu SCA (RTPR). Ace\u0219ti Termeni \u0219i condi\u021bii de utilizare vizeaz\u0103 condi\u021biile \u00een care oferim acces la textul, func\u021bionalit\u0103\u021bile, baza de date, formatul, documentele, lucr\u0103rile grafice \u0219i scrise \u0219i toate celelalte materiale publicate pe acest site web (\u201eCon\u021binutul\u201d). V\u0103 rug\u0103m s\u0103 le citi\u021bi cu aten\u021bie.<\/p>\n<p>Acest site este pentru uzul dumneavoastr\u0103 personal. Acces\u00e2nd acest site web, sunte\u021bi de acord:<\/p>\n<ul>\n<li>s\u0103 nu utiliza\u021bi acest site web sau con\u021binutul acestuia, cu \u00eenc\u0103lcarea oric\u0103rei reglement\u0103ri sau legisla\u021bii;<\/li>\n<li>s\u0103 nu copia\u021bi, s\u0103 modifica\u021bi, s\u0103 reproduce\u021bi sau s\u0103 distribui\u021bi con\u021binutul sau s\u0103 dezv\u0103lui\u021bi con\u021binutul c\u0103tre ter\u021bi, \u00een afar\u0103 de cazurile \u00een care RTPR \u0219i-a dat consim\u021b\u0103m\u00e2ntul prealabil;<\/li>\n<li>s\u0103 nu face\u021bi publicitate sau s\u0103 vinde\u021bi bunuri sau servicii c\u0103tre al\u021bi utilizatori ai acestui site web sau s\u0103 beneficia\u021bi comercial de con\u021binutul acestuia; \u0219i<\/li>\n<li>c\u0103 sunte\u021bi responsabil pentru orice material pe care \u00eel trimite\u021bi sau \u00eel \u00eenc\u0103rca\u021bi pe acest site web \u0219i c\u0103 un astfel de material este legal, nu este ofensator \u0219i nu \u00eencalc\u0103 drepturile noastre sau ale ter\u021bilor.<\/li>\n<\/ul>\n<p><strong>Drepturi de proprietate intelectual\u0103 <\/strong><\/p>\n<p>Noi, furnizorii no\u0219tri sau ter\u021be p\u0103r\u021bi care ne-au acordat permisiunea de a reproduce materialele lor pe acest site web, de\u021binem toate m\u0103rcile comerciale, drepturile de autor \u0219i toate celelalte drepturi de proprietate intelectual\u0103 din con\u021binutul acestui site web.<\/p>\n<p><strong>Limit\u0103ri \u0219i excluderi ale r\u0103spunderii noastre<\/strong><\/p>\n<p>Site-ul nostru web \u0219i con\u021binutul s\u0103u sunt furnizate numai \u00een scopuri generale de informare \u0219i nimic din acest site web sau din con\u021binutul s\u0103u nu este destinat s\u0103 ofere opinii legale, sfaturi juridice sau de alt\u0103 natur\u0103 profesional\u0103. Nu accept\u0103m nicio responsabilitate pentru orice pierdere care ar putea rezulta din utilizarea de informa\u021bii sau materiale publicate pe acest site web. Dac\u0103 dori\u021bi s\u0103 afla\u021bi mai multe despre informa\u021biile din materialele publicate, v\u0103 rug\u0103m s\u0103 ne contacta\u021bi prin e-mail la urm\u0103toarea adres\u0103: <a href=\"mailto:info@rtpr.ro\" target=\"_blank\" rel=\"noopener\">info@rtpr.ro<\/a>.<\/p>\n<p>Nu suntem responsabili sau r\u0103spunz\u0103tori pentru nicio problem\u0103 legat\u0103 de dvs. sau de ter\u021bi ce ar rezulta din accesarea sau utilizarea acestui site web \u0219i con\u021binutul acestuia.<\/p>\n<p>Nu sus\u021binem \u0219i nu suntem responsabili pentru con\u021binutul site-urilor web operate de ter\u021bi care fac trimitere la acest site web sau care sunt accesibile de pe acesta.<\/p>\n<p><strong>Legea aplicabil\u0103<\/strong><\/p>\n<p>Politica de confiden\u021bialitate, Politica privind cookie-urile \u0219i Termenii \u0219i condi\u021biile de utilizare vor fi guvernate \u0219i interpretate \u00een conformitate cu legisla\u021bia rom\u00e2n\u0103, sub jurisdic\u021bia exclusiv\u0103 a instan\u021belor judec\u0103tore\u0219ti din Rom\u00e2nia.<\/p>\n\t\t\t\t\t\t<\/div>\n\t\t\t\t<\/div>\n\t\t\t\t\t<\/div>\n\t\t<\/div>\n\t\t\t\t\t\t\t<\/div>\n\t\t<\/section>\n\t\t\t\t\t\t\t<\/div>\n\t\t","protected":false},"excerpt":{"rendered":"<p>Termeni \u0219i condi\u021bii de utilizare Acest site web este furnizat de Radu T\u0103r\u0103cil\u0103 P\u0103durari Retevoescu SCA (RTPR). Ace\u0219ti Termeni \u0219i condi\u021bii de utilizare vizeaz\u0103 condi\u021biile \u00een care oferim acces la textul, func\u021bionalit\u0103\u021bile, baza de date, formatul, documentele, lucr\u0103rile grafice \u0219i scrise \u0219i toate celelalte materiale publicate pe acest site web (\u201eCon\u021binutul\u201d). V\u0103 rug\u0103m s\u0103 le [&hellip;]<\/p>\n","protected":false},"author":2,"featured_media":0,"parent":0,"menu_order":0,"comment_status":"closed","ping_status":"closed","template":"","meta":{"_mi_skip_tracking":false,"_monsterinsights_sitenote_active":false,"_monsterinsights_sitenote_note":"","_monsterinsights_sitenote_category":0,"footnotes":""},"_links":{"self":[{"href":"https:\/\/www.rtpr.ro\/ro\/wp-json\/wp\/v2\/pages\/3024"}],"collection":[{"href":"https:\/\/www.rtpr.ro\/ro\/wp-json\/wp\/v2\/pages"}],"about":[{"href":"https:\/\/www.rtpr.ro\/ro\/wp-json\/wp\/v2\/types\/page"}],"author":[{"embeddable":true,"href":"https:\/\/www.rtpr.ro\/ro\/wp-json\/wp\/v2\/users\/2"}],"replies":[{"embeddable":true,"href":"https:\/\/www.rtpr.ro\/ro\/wp-json\/wp\/v2\/comments?post=3024"}],"version-history":[{"count":5,"href":"https:\/\/www.rtpr.ro\/ro\/wp-json\/wp\/v2\/pages\/3024\/revisions"}],"predecessor-version":[{"id":3030,"href":"https:\/\/www.rtpr.ro\/ro\/wp-json\/wp\/v2\/pages\/3024\/revisions\/3030"}],"wp:attachment":[{"href":"https:\/\/www.rtpr.ro\/ro\/wp-json\/wp\/v2\/media?parent=3024"}],"curies":[{"name":"wp","href":"https:\/\/api.w.org\/{rel}","templated":true}]}}